{"id":253,"date":"2023-10-24T16:34:18","date_gmt":"2023-10-24T16:34:18","guid":{"rendered":"https:\/\/crazy-brown.34-118-127-109.plesk.page\/create-your-website-with-blocks\/"},"modified":"2026-01-25T20:38:10","modified_gmt":"2026-01-25T20:38:10","slug":"create-your-website-with-blocks","status":"publish","type":"page","link":"https:\/\/shareandgrow.eu\/ca\/","title":{"rendered":"Home"},"content":{"rendered":"<p>Som un equip de professionals multidisciplinaris amb passi\u00f3 pels projectes amb prop\u00f2sit i que compartim la mateixa visi\u00f3 de com haur\u00edem d\u2019afrontar el futur.<br \/>\nLa nostra missi\u00f3 \u00e9s donar for\u00e7a a aquestes idees i ajudar-les a prosperar, impulsant un progr\u00e9s real i la innovaci\u00f3.<\/p>\n","protected":false},"excerpt":{"rendered":"<p>Som un equip de professionals multidisciplinaris amb passi\u00f3 pels projectes amb prop\u00f2sit i que compartim la mateixa visi\u00f3 de com haur\u00edem d\u2019afrontar el futur. La nostra missi\u00f3 \u00e9s donar for\u00e7a a aquestes idees i ajudar-les a prosperar, impulsant un progr\u00e9s real i la innovaci\u00f3.<\/p>\n","protected":false},"author":1,"featured_media":0,"parent":0,"menu_order":0,"comment_status":"closed","ping_status":"closed","template":"page-home.php","meta":{"footnotes":""},"class_list":["post-253","page","type-page","status-publish","hentry"],"yoast_head":"<!-- This site is optimized with the Yoast SEO plugin v27.4 - https:\/\/yoast.com\/product\/yoast-seo-wordpress\/ -->\n<title>Home - Share&amp;Grow<\/title>\n<meta name=\"robots\" content=\"index, follow, max-snippet:-1, max-image-preview:large, max-video-preview:-1\" \/>\n<link rel=\"canonical\" href=\"https:\/\/shareandgrow.eu\/ca\/\" \/>\n<meta property=\"og:locale\" content=\"ca_ES\" \/>\n<meta property=\"og:type\" content=\"article\" \/>\n<meta property=\"og:title\" content=\"Home - Share&amp;Grow\" \/>\n<meta property=\"og:description\" content=\"Som un equip de professionals multidisciplinaris amb passi\u00f3 pels projectes amb prop\u00f2sit i que compartim la mateixa visi\u00f3 de com haur\u00edem d\u2019afrontar el futur. La nostra missi\u00f3 \u00e9s donar for\u00e7a a aquestes idees i ajudar-les a prosperar, impulsant un progr\u00e9s real i la innovaci\u00f3.\" \/>\n<meta property=\"og:url\" content=\"https:\/\/shareandgrow.eu\/ca\/\" \/>\n<meta property=\"og:site_name\" content=\"Share&amp;Grow\" \/>\n<meta property=\"article:modified_time\" content=\"2026-01-25T20:38:10+00:00\" \/>\n<meta name=\"twitter:card\" content=\"summary_large_image\" \/>\n<meta name=\"twitter:site\" content=\"@share_and_grow\" \/>\n<meta name=\"twitter:label1\" content=\"Temps estimat de lectura\" \/>\n\t<meta name=\"twitter:data1\" content=\"1 minut\" \/>\n<script type=\"application\/ld+json\" class=\"yoast-schema-graph\">{\"@context\":\"https:\\\/\\\/schema.org\",\"@graph\":[{\"@type\":\"WebPage\",\"@id\":\"https:\\\/\\\/shareandgrow.eu\\\/ca\\\/\",\"url\":\"https:\\\/\\\/shareandgrow.eu\\\/ca\\\/\",\"name\":\"Home - Share&amp;Grow\",\"isPartOf\":{\"@id\":\"https:\\\/\\\/shareandgrow.eu\\\/#website\"},\"datePublished\":\"2023-10-24T16:34:18+00:00\",\"dateModified\":\"2026-01-25T20:38:10+00:00\",\"breadcrumb\":{\"@id\":\"https:\\\/\\\/shareandgrow.eu\\\/ca\\\/#breadcrumb\"},\"inLanguage\":\"ca\",\"potentialAction\":[{\"@type\":\"ReadAction\",\"target\":[\"https:\\\/\\\/shareandgrow.eu\\\/ca\\\/\"]}]},{\"@type\":\"BreadcrumbList\",\"@id\":\"https:\\\/\\\/shareandgrow.eu\\\/ca\\\/#breadcrumb\",\"itemListElement\":[{\"@type\":\"ListItem\",\"position\":1,\"name\":\"Home\",\"item\":\"https:\\\/\\\/shareandgrow.eu\\\/ca\\\/\"},{\"@type\":\"ListItem\",\"position\":2,\"name\":\"Home\"}]},{\"@type\":\"WebSite\",\"@id\":\"https:\\\/\\\/shareandgrow.eu\\\/#website\",\"url\":\"https:\\\/\\\/shareandgrow.eu\\\/\",\"name\":\"Share&Grow\",\"description\":\"Boosting your project\",\"publisher\":{\"@id\":\"https:\\\/\\\/shareandgrow.eu\\\/#organization\"},\"alternateName\":\"shareandgrow\",\"potentialAction\":[{\"@type\":\"SearchAction\",\"target\":{\"@type\":\"EntryPoint\",\"urlTemplate\":\"https:\\\/\\\/shareandgrow.eu\\\/?s={search_term_string}\"},\"query-input\":{\"@type\":\"PropertyValueSpecification\",\"valueRequired\":true,\"valueName\":\"search_term_string\"}}],\"inLanguage\":\"ca\"},{\"@type\":\"Organization\",\"@id\":\"https:\\\/\\\/shareandgrow.eu\\\/#organization\",\"name\":\"Share&Grow\",\"alternateName\":\"Share & Grow\",\"url\":\"https:\\\/\\\/shareandgrow.eu\\\/\",\"logo\":{\"@type\":\"ImageObject\",\"inLanguage\":\"ca\",\"@id\":\"https:\\\/\\\/shareandgrow.eu\\\/#\\\/schema\\\/logo\\\/image\\\/\",\"url\":\"https:\\\/\\\/shareandgrow.eu\\\/wp-content\\\/uploads\\\/2025\\\/01\\\/cropped-sgicon.png\",\"contentUrl\":\"https:\\\/\\\/shareandgrow.eu\\\/wp-content\\\/uploads\\\/2025\\\/01\\\/cropped-sgicon.png\",\"width\":512,\"height\":512,\"caption\":\"Share&Grow\"},\"image\":{\"@id\":\"https:\\\/\\\/shareandgrow.eu\\\/#\\\/schema\\\/logo\\\/image\\\/\"},\"sameAs\":[\"https:\\\/\\\/x.com\\\/share_and_grow\",\"https:\\\/\\\/es.linkedin.com\\\/company\\\/share&grow\"]}]}<\/script>\n<!-- \/ Yoast SEO plugin. -->","yoast_head_json":{"title":"Home - Share&amp;Grow","robots":{"index":"index","follow":"follow","max-snippet":"max-snippet:-1","max-image-preview":"max-image-preview:large","max-video-preview":"max-video-preview:-1"},"canonical":"https:\/\/shareandgrow.eu\/ca\/","og_locale":"ca_ES","og_type":"article","og_title":"Home - Share&amp;Grow","og_description":"Som un equip de professionals multidisciplinaris amb passi\u00f3 pels projectes amb prop\u00f2sit i que compartim la mateixa visi\u00f3 de com haur\u00edem d\u2019afrontar el futur. La nostra missi\u00f3 \u00e9s donar for\u00e7a a aquestes idees i ajudar-les a prosperar, impulsant un progr\u00e9s real i la innovaci\u00f3.","og_url":"https:\/\/shareandgrow.eu\/ca\/","og_site_name":"Share&amp;Grow","article_modified_time":"2026-01-25T20:38:10+00:00","twitter_card":"summary_large_image","twitter_site":"@share_and_grow","twitter_misc":{"Temps estimat de lectura":"1 minut"},"schema":{"@context":"https:\/\/schema.org","@graph":[{"@type":"WebPage","@id":"https:\/\/shareandgrow.eu\/ca\/","url":"https:\/\/shareandgrow.eu\/ca\/","name":"Home - Share&amp;Grow","isPartOf":{"@id":"https:\/\/shareandgrow.eu\/#website"},"datePublished":"2023-10-24T16:34:18+00:00","dateModified":"2026-01-25T20:38:10+00:00","breadcrumb":{"@id":"https:\/\/shareandgrow.eu\/ca\/#breadcrumb"},"inLanguage":"ca","potentialAction":[{"@type":"ReadAction","target":["https:\/\/shareandgrow.eu\/ca\/"]}]},{"@type":"BreadcrumbList","@id":"https:\/\/shareandgrow.eu\/ca\/#breadcrumb","itemListElement":[{"@type":"ListItem","position":1,"name":"Home","item":"https:\/\/shareandgrow.eu\/ca\/"},{"@type":"ListItem","position":2,"name":"Home"}]},{"@type":"WebSite","@id":"https:\/\/shareandgrow.eu\/#website","url":"https:\/\/shareandgrow.eu\/","name":"Share&Grow","description":"Boosting your project","publisher":{"@id":"https:\/\/shareandgrow.eu\/#organization"},"alternateName":"shareandgrow","potentialAction":[{"@type":"SearchAction","target":{"@type":"EntryPoint","urlTemplate":"https:\/\/shareandgrow.eu\/?s={search_term_string}"},"query-input":{"@type":"PropertyValueSpecification","valueRequired":true,"valueName":"search_term_string"}}],"inLanguage":"ca"},{"@type":"Organization","@id":"https:\/\/shareandgrow.eu\/#organization","name":"Share&Grow","alternateName":"Share & Grow","url":"https:\/\/shareandgrow.eu\/","logo":{"@type":"ImageObject","inLanguage":"ca","@id":"https:\/\/shareandgrow.eu\/#\/schema\/logo\/image\/","url":"https:\/\/shareandgrow.eu\/wp-content\/uploads\/2025\/01\/cropped-sgicon.png","contentUrl":"https:\/\/shareandgrow.eu\/wp-content\/uploads\/2025\/01\/cropped-sgicon.png","width":512,"height":512,"caption":"Share&Grow"},"image":{"@id":"https:\/\/shareandgrow.eu\/#\/schema\/logo\/image\/"},"sameAs":["https:\/\/x.com\/share_and_grow","https:\/\/es.linkedin.com\/company\/share&grow"]}]}},"_links":{"self":[{"href":"https:\/\/shareandgrow.eu\/ca\/wp-json\/wp\/v2\/pages\/253","targetHints":{"allow":["GET"]}}],"collection":[{"href":"https:\/\/shareandgrow.eu\/ca\/wp-json\/wp\/v2\/pages"}],"about":[{"href":"https:\/\/shareandgrow.eu\/ca\/wp-json\/wp\/v2\/types\/page"}],"author":[{"embeddable":true,"href":"https:\/\/shareandgrow.eu\/ca\/wp-json\/wp\/v2\/users\/1"}],"replies":[{"embeddable":true,"href":"https:\/\/shareandgrow.eu\/ca\/wp-json\/wp\/v2\/comments?post=253"}],"version-history":[{"count":58,"href":"https:\/\/shareandgrow.eu\/ca\/wp-json\/wp\/v2\/pages\/253\/revisions"}],"predecessor-version":[{"id":745,"href":"https:\/\/shareandgrow.eu\/ca\/wp-json\/wp\/v2\/pages\/253\/revisions\/745"}],"wp:attachment":[{"href":"https:\/\/shareandgrow.eu\/ca\/wp-json\/wp\/v2\/media?parent=253"}],"curies":[{"name":"wp","href":"https:\/\/api.w.org\/{rel}","templated":true}]}}