{"id":254,"date":"2023-10-24T16:34:18","date_gmt":"2023-10-24T16:34:18","guid":{"rendered":"https:\/\/crazy-brown.34-118-127-109.plesk.page\/create-your-website-with-blocks\/"},"modified":"2026-01-25T20:38:56","modified_gmt":"2026-01-25T20:38:56","slug":"create-your-website-with-blocks","status":"publish","type":"page","link":"https:\/\/shareandgrow.eu\/es\/","title":{"rendered":"Home"},"content":{"rendered":"<p>Tres mujeres y una idea clara y compartida de como nos gustar\u00eda contribuir a construir el futuro.<br \/>\nUn equipo multidisciplinar con pasi\u00f3n por los proyectos con prop\u00f3sito, aqu\u00ed para transformar ideas en impacto y dar impulso al progreso y la innovaci\u00f3n.<\/p>\n","protected":false},"excerpt":{"rendered":"<p>Tres mujeres y una idea clara y compartida de como nos gustar\u00eda contribuir a construir el futuro. Un equipo multidisciplinar con pasi\u00f3n por los proyectos con prop\u00f3sito, aqu\u00ed para transformar ideas en impacto y dar impulso al progreso y la innovaci\u00f3n.<\/p>\n","protected":false},"author":1,"featured_media":0,"parent":0,"menu_order":0,"comment_status":"closed","ping_status":"closed","template":"page-home.php","meta":{"footnotes":""},"class_list":["post-254","page","type-page","status-publish","hentry"],"yoast_head":"<!-- This site is optimized with the Yoast SEO plugin v27.3 - https:\/\/yoast.com\/product\/yoast-seo-wordpress\/ -->\n<title>Home - Share&amp;Grow<\/title>\n<meta name=\"robots\" content=\"index, follow, max-snippet:-1, max-image-preview:large, max-video-preview:-1\" \/>\n<link rel=\"canonical\" href=\"https:\/\/shareandgrow.eu\/es\/\" \/>\n<meta property=\"og:locale\" content=\"es_ES\" \/>\n<meta property=\"og:type\" content=\"article\" \/>\n<meta property=\"og:title\" content=\"Home - Share&amp;Grow\" \/>\n<meta property=\"og:description\" content=\"Tres mujeres y una idea clara y compartida de como nos gustar\u00eda contribuir a construir el futuro. Un equipo multidisciplinar con pasi\u00f3n por los proyectos con prop\u00f3sito, aqu\u00ed para transformar ideas en impacto y dar impulso al progreso y la innovaci\u00f3n.\" \/>\n<meta property=\"og:url\" content=\"https:\/\/shareandgrow.eu\/es\/\" \/>\n<meta property=\"og:site_name\" content=\"Share&amp;Grow\" \/>\n<meta property=\"article:modified_time\" content=\"2026-01-25T20:38:56+00:00\" \/>\n<meta name=\"twitter:card\" content=\"summary_large_image\" \/>\n<meta name=\"twitter:site\" content=\"@share_and_grow\" \/>\n<meta name=\"twitter:label1\" content=\"Tiempo de lectura\" \/>\n\t<meta name=\"twitter:data1\" content=\"1 minuto\" \/>\n<script type=\"application\/ld+json\" class=\"yoast-schema-graph\">{\"@context\":\"https:\\\/\\\/schema.org\",\"@graph\":[{\"@type\":\"WebPage\",\"@id\":\"https:\\\/\\\/shareandgrow.eu\\\/es\\\/\",\"url\":\"https:\\\/\\\/shareandgrow.eu\\\/es\\\/\",\"name\":\"Home - Share&amp;Grow\",\"isPartOf\":{\"@id\":\"https:\\\/\\\/shareandgrow.eu\\\/#website\"},\"datePublished\":\"2023-10-24T16:34:18+00:00\",\"dateModified\":\"2026-01-25T20:38:56+00:00\",\"breadcrumb\":{\"@id\":\"https:\\\/\\\/shareandgrow.eu\\\/es\\\/#breadcrumb\"},\"inLanguage\":\"es\",\"potentialAction\":[{\"@type\":\"ReadAction\",\"target\":[\"https:\\\/\\\/shareandgrow.eu\\\/es\\\/\"]}]},{\"@type\":\"BreadcrumbList\",\"@id\":\"https:\\\/\\\/shareandgrow.eu\\\/es\\\/#breadcrumb\",\"itemListElement\":[{\"@type\":\"ListItem\",\"position\":1,\"name\":\"Home\",\"item\":\"https:\\\/\\\/shareandgrow.eu\\\/es\\\/\"},{\"@type\":\"ListItem\",\"position\":2,\"name\":\"Home\"}]},{\"@type\":\"WebSite\",\"@id\":\"https:\\\/\\\/shareandgrow.eu\\\/#website\",\"url\":\"https:\\\/\\\/shareandgrow.eu\\\/\",\"name\":\"Share&Grow\",\"description\":\"Boosting your project\",\"publisher\":{\"@id\":\"https:\\\/\\\/shareandgrow.eu\\\/#organization\"},\"alternateName\":\"shareandgrow\",\"potentialAction\":[{\"@type\":\"SearchAction\",\"target\":{\"@type\":\"EntryPoint\",\"urlTemplate\":\"https:\\\/\\\/shareandgrow.eu\\\/?s={search_term_string}\"},\"query-input\":{\"@type\":\"PropertyValueSpecification\",\"valueRequired\":true,\"valueName\":\"search_term_string\"}}],\"inLanguage\":\"es\"},{\"@type\":\"Organization\",\"@id\":\"https:\\\/\\\/shareandgrow.eu\\\/#organization\",\"name\":\"Share&Grow\",\"alternateName\":\"Share & Grow\",\"url\":\"https:\\\/\\\/shareandgrow.eu\\\/\",\"logo\":{\"@type\":\"ImageObject\",\"inLanguage\":\"es\",\"@id\":\"https:\\\/\\\/shareandgrow.eu\\\/#\\\/schema\\\/logo\\\/image\\\/\",\"url\":\"https:\\\/\\\/shareandgrow.eu\\\/wp-content\\\/uploads\\\/2025\\\/01\\\/cropped-sgicon.png\",\"contentUrl\":\"https:\\\/\\\/shareandgrow.eu\\\/wp-content\\\/uploads\\\/2025\\\/01\\\/cropped-sgicon.png\",\"width\":512,\"height\":512,\"caption\":\"Share&Grow\"},\"image\":{\"@id\":\"https:\\\/\\\/shareandgrow.eu\\\/#\\\/schema\\\/logo\\\/image\\\/\"},\"sameAs\":[\"https:\\\/\\\/x.com\\\/share_and_grow\",\"https:\\\/\\\/es.linkedin.com\\\/company\\\/share&grow\"]}]}<\/script>\n<!-- \/ Yoast SEO plugin. -->","yoast_head_json":{"title":"Home - Share&amp;Grow","robots":{"index":"index","follow":"follow","max-snippet":"max-snippet:-1","max-image-preview":"max-image-preview:large","max-video-preview":"max-video-preview:-1"},"canonical":"https:\/\/shareandgrow.eu\/es\/","og_locale":"es_ES","og_type":"article","og_title":"Home - Share&amp;Grow","og_description":"Tres mujeres y una idea clara y compartida de como nos gustar\u00eda contribuir a construir el futuro. Un equipo multidisciplinar con pasi\u00f3n por los proyectos con prop\u00f3sito, aqu\u00ed para transformar ideas en impacto y dar impulso al progreso y la innovaci\u00f3n.","og_url":"https:\/\/shareandgrow.eu\/es\/","og_site_name":"Share&amp;Grow","article_modified_time":"2026-01-25T20:38:56+00:00","twitter_card":"summary_large_image","twitter_site":"@share_and_grow","twitter_misc":{"Tiempo de lectura":"1 minuto"},"schema":{"@context":"https:\/\/schema.org","@graph":[{"@type":"WebPage","@id":"https:\/\/shareandgrow.eu\/es\/","url":"https:\/\/shareandgrow.eu\/es\/","name":"Home - Share&amp;Grow","isPartOf":{"@id":"https:\/\/shareandgrow.eu\/#website"},"datePublished":"2023-10-24T16:34:18+00:00","dateModified":"2026-01-25T20:38:56+00:00","breadcrumb":{"@id":"https:\/\/shareandgrow.eu\/es\/#breadcrumb"},"inLanguage":"es","potentialAction":[{"@type":"ReadAction","target":["https:\/\/shareandgrow.eu\/es\/"]}]},{"@type":"BreadcrumbList","@id":"https:\/\/shareandgrow.eu\/es\/#breadcrumb","itemListElement":[{"@type":"ListItem","position":1,"name":"Home","item":"https:\/\/shareandgrow.eu\/es\/"},{"@type":"ListItem","position":2,"name":"Home"}]},{"@type":"WebSite","@id":"https:\/\/shareandgrow.eu\/#website","url":"https:\/\/shareandgrow.eu\/","name":"Share&Grow","description":"Boosting your project","publisher":{"@id":"https:\/\/shareandgrow.eu\/#organization"},"alternateName":"shareandgrow","potentialAction":[{"@type":"SearchAction","target":{"@type":"EntryPoint","urlTemplate":"https:\/\/shareandgrow.eu\/?s={search_term_string}"},"query-input":{"@type":"PropertyValueSpecification","valueRequired":true,"valueName":"search_term_string"}}],"inLanguage":"es"},{"@type":"Organization","@id":"https:\/\/shareandgrow.eu\/#organization","name":"Share&Grow","alternateName":"Share & Grow","url":"https:\/\/shareandgrow.eu\/","logo":{"@type":"ImageObject","inLanguage":"es","@id":"https:\/\/shareandgrow.eu\/#\/schema\/logo\/image\/","url":"https:\/\/shareandgrow.eu\/wp-content\/uploads\/2025\/01\/cropped-sgicon.png","contentUrl":"https:\/\/shareandgrow.eu\/wp-content\/uploads\/2025\/01\/cropped-sgicon.png","width":512,"height":512,"caption":"Share&Grow"},"image":{"@id":"https:\/\/shareandgrow.eu\/#\/schema\/logo\/image\/"},"sameAs":["https:\/\/x.com\/share_and_grow","https:\/\/es.linkedin.com\/company\/share&grow"]}]}},"_links":{"self":[{"href":"https:\/\/shareandgrow.eu\/es\/wp-json\/wp\/v2\/pages\/254","targetHints":{"allow":["GET"]}}],"collection":[{"href":"https:\/\/shareandgrow.eu\/es\/wp-json\/wp\/v2\/pages"}],"about":[{"href":"https:\/\/shareandgrow.eu\/es\/wp-json\/wp\/v2\/types\/page"}],"author":[{"embeddable":true,"href":"https:\/\/shareandgrow.eu\/es\/wp-json\/wp\/v2\/users\/1"}],"replies":[{"embeddable":true,"href":"https:\/\/shareandgrow.eu\/es\/wp-json\/wp\/v2\/comments?post=254"}],"version-history":[{"count":19,"href":"https:\/\/shareandgrow.eu\/es\/wp-json\/wp\/v2\/pages\/254\/revisions"}],"predecessor-version":[{"id":747,"href":"https:\/\/shareandgrow.eu\/es\/wp-json\/wp\/v2\/pages\/254\/revisions\/747"}],"wp:attachment":[{"href":"https:\/\/shareandgrow.eu\/es\/wp-json\/wp\/v2\/media?parent=254"}],"curies":[{"name":"wp","href":"https:\/\/api.w.org\/{rel}","templated":true}]}}